{"id":109,"date":"2025-09-25T10:05:36","date_gmt":"2025-09-25T10:05:36","guid":{"rendered":"https:\/\/ecolepourlavie-tokombere.org\/?page_id=109"},"modified":"2026-01-27T15:43:39","modified_gmt":"2026-01-27T15:43:39","slug":"partenaires","status":"publish","type":"page","link":"https:\/\/ecolepourlavie-tokombere.org\/index.php\/partenaires\/","title":{"rendered":"Partenaires"},"content":{"rendered":"<p>[et_pb_section fb_built=\u00a0\u00bb1&Prime; fullwidth=\u00a0\u00bbon\u00a0\u00bb admin_label=\u00a0\u00bbHeader\u00a0\u00bb _builder_version=\u00a0\u00bb4.27.4&Prime; background_color=\u00a0\u00bb#b7b9c7&Prime; background_image=\u00a0\u00bbhttps:\/\/ecolepourlavie-tokombere.org\/wp-content\/uploads\/2025\/09\/Nicole_avec_le_bureau_de_lamicale_des_anciens_e_002.jpg\u00a0\u00bb custom_padding=\u00a0\u00bb0px|0|0px|0px|false|false\u00a0\u00bb locked=\u00a0\u00bboff\u00a0\u00bb global_colors_info=\u00a0\u00bb{}\u00a0\u00bb][et_pb_fullwidth_header title=\u00a0\u00bbNos partenaires\u00a0\u00bb text_orientation=\u00a0\u00bbcenter\u00a0\u00bb background_overlay_color=\u00a0\u00bbrgba(83,90,128,0.3)\u00a0\u00bb _builder_version=\u00a0\u00bb4.27.4&Prime; title_font=\u00a0\u00bbNoto Serif|700|||||||\u00a0\u00bb title_text_align=\u00a0\u00bbcenter\u00a0\u00bb title_font_size=\u00a0\u00bb70px\u00a0\u00bb title_line_height=\u00a0\u00bb1.1em\u00a0\u00bb content_font=\u00a0\u00bbNoto Sans||||||||\u00a0\u00bb content_font_size=\u00a0\u00bb18px\u00a0\u00bb content_line_height=\u00a0\u00bb2em\u00a0\u00bb subhead_font=\u00a0\u00bbNoto Sans||||||||\u00a0\u00bb subhead_text_align=\u00a0\u00bbcenter\u00a0\u00bb subhead_font_size=\u00a0\u00bb30px\u00a0\u00bb subhead_line_height=\u00a0\u00bb2em\u00a0\u00bb background_color=\u00a0\u00bbrgba(255,255,255,0)\u00a0\u00bb background_enable_image=\u00a0\u00bboff\u00a0\u00bb parallax=\u00a0\u00bbon\u00a0\u00bb parallax_method=\u00a0\u00bbon\u00a0\u00bb custom_button_one=\u00a0\u00bbon\u00a0\u00bb button_one_text_size=\u00a0\u00bb17px\u00a0\u00bb button_one_text_color=\u00a0\u00bb#ffffff\u00a0\u00bb button_one_bg_color=\u00a0\u00bb#ff6b5a\u00a0\u00bb button_one_border_width=\u00a0\u00bb7px\u00a0\u00bb button_one_border_color=\u00a0\u00bb#ff6b5a\u00a0\u00bb button_one_border_radius=\u00a0\u00bb100px\u00a0\u00bb button_one_font=\u00a0\u00bbNoto Sans|700||on|||||\u00a0\u00bb button_one_use_icon=\u00a0\u00bboff\u00a0\u00bb custom_margin=\u00a0\u00bb|||\u00a0\u00bb custom_padding=\u00a0\u00bb110px||110px||true\u00a0\u00bb custom_padding_tablet=\u00a0\u00bb100px|||\u00a0\u00bb custom_padding_phone=\u00a0\u00bb\u00a0\u00bb custom_padding_last_edited=\u00a0\u00bbon|phone\u00a0\u00bb animation_style=\u00a0\u00bbfade\u00a0\u00bb animation_direction=\u00a0\u00bbtop\u00a0\u00bb title_font_size_tablet=\u00a0\u00bb40px\u00a0\u00bb title_font_size_phone=\u00a0\u00bb\u00a0\u00bb title_font_size_last_edited=\u00a0\u00bbon|tablet\u00a0\u00bb subhead_font_size_tablet=\u00a0\u00bb\u00a0\u00bb subhead_font_size_phone=\u00a0\u00bb20px\u00a0\u00bb subhead_font_size_last_edited=\u00a0\u00bbon|desktop\u00a0\u00bb subhead_line_height_tablet=\u00a0\u00bb\u00a0\u00bb subhead_line_height_phone=\u00a0\u00bb1.5em\u00a0\u00bb subhead_line_height_last_edited=\u00a0\u00bbon|phone\u00a0\u00bb button_one_text_color_hover=\u00a0\u00bb#ffffff\u00a0\u00bb button_one_border_color_hover=\u00a0\u00bb#ff9e59&Prime; button_one_border_radius_hover=\u00a0\u00bb100px\u00a0\u00bb button_one_bg_color_hover=\u00a0\u00bb#ff9e59&Prime; global_colors_info=\u00a0\u00bb{}\u00a0\u00bb button_one_text_size__hover_enabled=\u00a0\u00bboff\u00a0\u00bb button_two_text_size__hover_enabled=\u00a0\u00bboff\u00a0\u00bb button_one_text_color__hover_enabled=\u00a0\u00bbon\u00a0\u00bb button_one_text_color__hover=\u00a0\u00bb#ffffff\u00a0\u00bb button_two_text_color__hover_enabled=\u00a0\u00bboff\u00a0\u00bb button_one_border_width__hover_enabled=\u00a0\u00bboff\u00a0\u00bb button_two_border_width__hover_enabled=\u00a0\u00bboff\u00a0\u00bb button_one_border_color__hover_enabled=\u00a0\u00bbon\u00a0\u00bb button_one_border_color__hover=\u00a0\u00bb#ff9e59&Prime; button_two_border_color__hover_enabled=\u00a0\u00bboff\u00a0\u00bb button_one_border_radius__hover_enabled=\u00a0\u00bbon\u00a0\u00bb button_one_border_radius__hover=\u00a0\u00bb100px\u00a0\u00bb button_two_border_radius__hover_enabled=\u00a0\u00bboff\u00a0\u00bb button_one_letter_spacing__hover_enabled=\u00a0\u00bboff\u00a0\u00bb button_two_letter_spacing__hover_enabled=\u00a0\u00bboff\u00a0\u00bb button_one_bg_color__hover_enabled=\u00a0\u00bbon\u00a0\u00bb button_one_bg_color__hover=\u00a0\u00bb#ff9e59&Prime; button_two_bg_color__hover_enabled=\u00a0\u00bboff\u00a0\u00bb][\/et_pb_fullwidth_header][\/et_pb_section][et_pb_section fb_built=\u00a0\u00bb1&Prime; _builder_version=\u00a0\u00bb4.16&Prime; custom_padding=\u00a0\u00bb|||\u00a0\u00bb locked=\u00a0\u00bboff\u00a0\u00bb global_colors_info=\u00a0\u00bb{}\u00a0\u00bb][et_pb_row _builder_version=\u00a0\u00bb4.16&Prime; custom_padding=\u00a0\u00bb|||\u00a0\u00bb global_colors_info=\u00a0\u00bb{}\u00a0\u00bb][et_pb_column type=\u00a0\u00bb4_4&Prime; _builder_version=\u00a0\u00bb4.16&Prime; custom_padding=\u00a0\u00bb|||\u00a0\u00bb global_colors_info=\u00a0\u00bb{}\u00a0\u00bb custom_padding__hover=\u00a0\u00bb|||\u00a0\u00bb][et_pb_team_member name=\u00a0\u00bbFondation Christian Aurenche\u00a0\u00bb image_url=\u00a0\u00bbhttps:\/\/ecolepourlavie-tokombere.org\/wp-content\/uploads\/2025\/09\/logo-fca-2024.png\u00a0\u00bb _builder_version=\u00a0\u00bb4.27.4&Prime; _module_preset=\u00a0\u00bbdefault\u00a0\u00bb link_option_url=\u00a0\u00bbhttps:\/\/fondationchristianaurenche-tokombere.org\/\u00a0\u00bb global_colors_info=\u00a0\u00bb{}\u00a0\u00bb]<\/p>\n<p style=\"text-align: left;\">La Fondation Christian Aurenche &#8211; Tokomb\u00e9r\u00e9 a pour but de contribuer de fa\u00e7on durable au fonctionnement du Centre de Promotion de la Sant\u00e9 (CPS) de Tokomb\u00e9r\u00e9, au Nord Cameroun.<\/p>\n<p>[\/et_pb_team_member][et_pb_team_member name=\u00a0\u00bbAssociation saint Germain des Pr\u00e9s-Tokomb\u00e9r\u00e9\u00a0\u00bb image_url=\u00a0\u00bbhttps:\/\/ecolepourlavie-tokombere.org\/wp-content\/uploads\/2025\/09\/logo-stgermaindespres-1.png\u00a0\u00bb _builder_version=\u00a0\u00bb4.27.5&Prime; _module_preset=\u00a0\u00bbdefault\u00a0\u00bb background_enable_image=\u00a0\u00bboff\u00a0\u00bb hover_enabled=\u00a0\u00bb0&Prime; global_colors_info=\u00a0\u00bb{}\u00a0\u00bb sticky_enabled=\u00a0\u00bb0&Prime;]<\/p>\n<p>Saint-Germain-des-Pr\u00e9s \u00e0 Paris et Saint Joseph \u00e0 Tokomb\u00e9r\u00e9 au Cameroun,  depuis maintenant plus de 50 ans, ont tiss\u00e9s des liens d\u2019amiti\u00e9, de pri\u00e8re, de fraternit\u00e9, \u00e0 l\u2019image de l\u2019\u00c9glise universelle, liens qui s\u2019entretiennent.<\/p>\n<p>[\/et_pb_team_member][et_pb_team_member name=\u00a0\u00bbAssociation Tokomb\u00e9r\u00e9 sant\u00e9\u00a0\u00bb _builder_version=\u00a0\u00bb4.27.5&Prime; _module_preset=\u00a0\u00bbdefault\u00a0\u00bb hover_enabled=\u00a0\u00bb0&Prime; global_colors_info=\u00a0\u00bb{}\u00a0\u00bb sticky_enabled=\u00a0\u00bb0&Prime;]Elle a pour but de soutenir les activit\u00e9s de l\u2019H\u00f4pital de Tokomb\u00e9r\u00e9, situ\u00e9 dans l\u2019Extr\u00eame-Nord du Cameroun, dans le cadre du Projet de Promotion Humaine de Tokomb\u00e9r\u00e9 (PPHT). Un partenariat avec l&rsquo;h\u00f4pital Robert Debr\u00e9 de Paris permet des formations pour des personnels de sant\u00e9 de Tokomb\u00e9r\u00e9.[\/et_pb_team_member][et_pb_team_member name=\u00a0\u00bbF\u00e9d\u00e9ration Intertok\u00a0\u00bb image_url=\u00a0\u00bbhttps:\/\/ecolepourlavie-tokombere.org\/wp-content\/uploads\/2025\/09\/intertok.jpg\u00a0\u00bb _builder_version=\u00a0\u00bb4.27.4&Prime; _module_preset=\u00a0\u00bbdefault\u00a0\u00bb global_colors_info=\u00a0\u00bb{}\u00a0\u00bb]<\/p>\n<p>La f\u00e9d\u00e9ration Intertok rassemble les associations qui oeuvrent pour le projet de promotion humaine de Tokomb\u00e9r\u00e9<\/p>\n<p>[\/et_pb_team_member][et_pb_team_member name=\u00a0\u00bbL&rsquo;enseignement catholique du dioc\u00e8se de Cr\u00e9teil\u00a0\u00bb image_url=\u00a0\u00bbhttps:\/\/ecolepourlavie-tokombere.org\/wp-content\/uploads\/2025\/09\/logo-DDEC.png\u00a0\u00bb _builder_version=\u00a0\u00bb4.27.5&Prime; _module_preset=\u00a0\u00bbdefault\u00a0\u00bb hover_enabled=\u00a0\u00bb0&Prime; global_colors_info=\u00a0\u00bb{}\u00a0\u00bb sticky_enabled=\u00a0\u00bb0&Prime;]<\/p>\n<p>L&rsquo;enseignement catholique du dioc\u00e8se de Cr\u00e9teil soutient l&rsquo;association et entretient des relations entre le coll\u00e8ge Baba Simon et les coll\u00e8ges de l&rsquo;Enseignement Catholique du Val de Marne.<\/p>\n<p>[\/et_pb_team_member][\/et_pb_column][\/et_pb_row][\/et_pb_section][et_pb_section fb_built=\u00a0\u00bb1&Prime; disabled_on=\u00a0\u00bboff|off|off\u00a0\u00bb admin_label=\u00a0\u00bbFollow Along\u00a0\u00bb _builder_version=\u00a0\u00bb4.27.4&Prime; use_background_color_gradient=\u00a0\u00bbon\u00a0\u00bb background_color_gradient_stops=\u00a0\u00bb#ffffff 0%|rgba(255,255,255,0) 52%\u00a0\u00bb background_color_gradient_overlays_image=\u00a0\u00bbon\u00a0\u00bb background_color_gradient_start=\u00a0\u00bb#ffffff\u00a0\u00bb background_color_gradient_end=\u00a0\u00bbrgba(255,255,255,0)\u00a0\u00bb background_color_gradient_end_position=\u00a0\u00bb52%\u00a0\u00bb background_image=\u00a0\u00bbhttps:\/\/ecolepourlavie-tokombere.org\/wp-content\/uploads\/2025\/09\/village-et-femme-tokombere.png\u00a0\u00bb background_position=\u00a0\u00bbcenter_right\u00a0\u00bb custom_padding=\u00a0\u00bb||11vw|||\u00a0\u00bb global_module=\u00a0\u00bb126&Prime; saved_tabs=\u00a0\u00bball\u00a0\u00bb global_colors_info=\u00a0\u00bb{}\u00a0\u00bb][et_pb_row module_class=\u00a0\u00bb et_pb_row_fullwidth\u00a0\u00bb _builder_version=\u00a0\u00bb4.27.4&Prime; width=\u00a0\u00bb89%\u00a0\u00bb width_tablet=\u00a0\u00bb80%\u00a0\u00bb width_phone=\u00a0\u00bb80%\u00a0\u00bb width_last_edited=\u00a0\u00bbon|desktop\u00a0\u00bb max_width=\u00a0\u00bb89%\u00a0\u00bb max_width_tablet=\u00a0\u00bb80%\u00a0\u00bb max_width_phone=\u00a0\u00bb80%\u00a0\u00bb max_width_last_edited=\u00a0\u00bbon|desktop\u00a0\u00bb min_height=\u00a0\u00bb31px\u00a0\u00bb custom_margin=\u00a0\u00bb0px|||\u00a0\u00bb custom_padding=\u00a0\u00bb|||\u00a0\u00bb make_fullwidth=\u00a0\u00bbon\u00a0\u00bb global_colors_info=\u00a0\u00bb{}\u00a0\u00bb][et_pb_column type=\u00a0\u00bb4_4&Prime; _builder_version=\u00a0\u00bb4.16&Prime; custom_padding=\u00a0\u00bb|||\u00a0\u00bb global_colors_info=\u00a0\u00bb{}\u00a0\u00bb custom_padding__hover=\u00a0\u00bb|||\u00a0\u00bb][et_pb_button button_url=\u00a0\u00bb@ET-DC@eyJkeW5hbWljIjp0cnVlLCJjb250ZW50IjoicG9zdF9saW5rX3VybF9wYWdlIiwic2V0dGluZ3MiOnsicG9zdF9pZCI6IjYwNSJ9fQ==@\u00a0\u00bb button_text=\u00a0\u00bbNous soutenir\u00a0\u00bb button_alignment=\u00a0\u00bbcenter\u00a0\u00bb _builder_version=\u00a0\u00bb4.27.5&Prime; _dynamic_attributes=\u00a0\u00bbbutton_url\u00a0\u00bb _module_preset=\u00a0\u00bbdefault\u00a0\u00bb custom_button=\u00a0\u00bbon\u00a0\u00bb button_text_size=\u00a0\u00bb30px\u00a0\u00bb button_text_color=\u00a0\u00bb#cdea8f\u00a0\u00bb button_bg_color=\u00a0\u00bbRGBA(255,255,255,0)\u00a0\u00bb button_border_width=\u00a0\u00bb3px\u00a0\u00bb button_border_color=\u00a0\u00bbrgba(177,234,44,0.76)\u00a0\u00bb button_border_radius=\u00a0\u00bb18px\u00a0\u00bb button_letter_spacing=\u00a0\u00bb0px\u00a0\u00bb transform_scale=\u00a0\u00bb180%|126%\u00a0\u00bb transform_scale_linked=\u00a0\u00bboff\u00a0\u00bb transform_translate=\u00a0\u00bb-1px|-1px\u00a0\u00bb custom_margin=\u00a0\u00bb|||0px|false|false\u00a0\u00bb global_colors_info=\u00a0\u00bb{}\u00a0\u00bb][\/et_pb_button][\/et_pb_column][\/et_pb_row][\/et_pb_section]<\/p>\n","protected":false},"excerpt":{"rendered":"<p>La Fondation Christian Aurenche &#8211; Tokomb\u00e9r\u00e9 a pour but de contribuer de fa\u00e7on durable au fonctionnement du Centre de Promotion de la Sant\u00e9 (CPS) de Tokomb\u00e9r\u00e9, au Nord Cameroun.Saint-Germain-des-Pr\u00e9s \u00e0 Paris et Saint Joseph \u00e0 Tokomb\u00e9r\u00e9 au Cameroun, depuis maintenant plus de 50 ans, ont tiss\u00e9s des liens d\u2019amiti\u00e9, de pri\u00e8re, de fraternit\u00e9, \u00e0 l\u2019image [&hellip;]<\/p>\n","protected":false},"author":1,"featured_media":0,"parent":0,"menu_order":5,"comment_status":"closed","ping_status":"closed","template":"","meta":{"_et_pb_use_builder":"on","_et_pb_old_content":"","_et_gb_content_width":"","footnotes":""},"class_list":["post-109","page","type-page","status-publish","hentry"],"yoast_head":"<!-- This site is optimized with the Yoast SEO plugin v27.5 - https:\/\/yoast.com\/product\/yoast-seo-wordpress\/ -->\n<title>Partenaires - Ecole pour la vie - Tokomb\u00e9r\u00e9<\/title>\n<meta name=\"description\" content=\"L&#039;association l&#039;\u00e9cole pour la vie est associ\u00e9 avec de nombreuses associations qui \u0153uvrent pour le projet de promotion humaine de Tokomb\u00e9r\u00e9\" \/>\n<meta name=\"robots\" content=\"index, follow, max-snippet:-1, max-image-preview:large, max-video-preview:-1\" \/>\n<link rel=\"canonical\" href=\"https:\/\/ecolepourlavie-tokombere.org\/index.php\/partenaires\/\" \/>\n<meta property=\"og:locale\" content=\"fr_FR\" \/>\n<meta property=\"og:type\" content=\"article\" \/>\n<meta property=\"og:title\" content=\"Partenaires - Ecole pour la vie - Tokomb\u00e9r\u00e9\" \/>\n<meta property=\"og:description\" content=\"L&#039;association l&#039;\u00e9cole pour la vie est associ\u00e9 avec de nombreuses associations qui \u0153uvrent pour le projet de promotion humaine de Tokomb\u00e9r\u00e9\" \/>\n<meta property=\"og:url\" content=\"https:\/\/ecolepourlavie-tokombere.org\/index.php\/partenaires\/\" \/>\n<meta property=\"og:site_name\" content=\"Ecole pour la vie - Tokomb\u00e9r\u00e9\" \/>\n<meta property=\"article:modified_time\" content=\"2026-01-27T15:43:39+00:00\" \/>\n<meta name=\"twitter:card\" content=\"summary_large_image\" \/>\n<meta name=\"twitter:label1\" content=\"Dur\u00e9e de lecture estim\u00e9e\" \/>\n\t<meta name=\"twitter:data1\" content=\"2 minutes\" \/>\n<script type=\"application\/ld+json\" class=\"yoast-schema-graph\">{\"@context\":\"https:\\\/\\\/schema.org\",\"@graph\":[{\"@type\":\"WebPage\",\"@id\":\"https:\\\/\\\/ecolepourlavie-tokombere.org\\\/index.php\\\/partenaires\\\/\",\"url\":\"https:\\\/\\\/ecolepourlavie-tokombere.org\\\/index.php\\\/partenaires\\\/\",\"name\":\"Partenaires - Ecole pour la vie - Tokomb\u00e9r\u00e9\",\"isPartOf\":{\"@id\":\"https:\\\/\\\/ecolepourlavie-tokombere.org\\\/#website\"},\"datePublished\":\"2025-09-25T10:05:36+00:00\",\"dateModified\":\"2026-01-27T15:43:39+00:00\",\"description\":\"L'association l'\u00e9cole pour la vie est associ\u00e9 avec de nombreuses associations qui \u0153uvrent pour le projet de promotion humaine de Tokomb\u00e9r\u00e9\",\"breadcrumb\":{\"@id\":\"https:\\\/\\\/ecolepourlavie-tokombere.org\\\/index.php\\\/partenaires\\\/#breadcrumb\"},\"inLanguage\":\"fr-FR\",\"potentialAction\":[{\"@type\":\"ReadAction\",\"target\":[\"https:\\\/\\\/ecolepourlavie-tokombere.org\\\/index.php\\\/partenaires\\\/\"]}]},{\"@type\":\"BreadcrumbList\",\"@id\":\"https:\\\/\\\/ecolepourlavie-tokombere.org\\\/index.php\\\/partenaires\\\/#breadcrumb\",\"itemListElement\":[{\"@type\":\"ListItem\",\"position\":1,\"name\":\"Accueil\",\"item\":\"https:\\\/\\\/ecolepourlavie-tokombere.org\\\/\"},{\"@type\":\"ListItem\",\"position\":2,\"name\":\"Partenaires\"}]},{\"@type\":\"WebSite\",\"@id\":\"https:\\\/\\\/ecolepourlavie-tokombere.org\\\/#website\",\"url\":\"https:\\\/\\\/ecolepourlavie-tokombere.org\\\/\",\"name\":\"Ecole pour la vie - Tokomb\u00e9r\u00e9\",\"description\":\"\",\"publisher\":{\"@id\":\"https:\\\/\\\/ecolepourlavie-tokombere.org\\\/#organization\"},\"potentialAction\":[{\"@type\":\"SearchAction\",\"target\":{\"@type\":\"EntryPoint\",\"urlTemplate\":\"https:\\\/\\\/ecolepourlavie-tokombere.org\\\/?s={search_term_string}\"},\"query-input\":{\"@type\":\"PropertyValueSpecification\",\"valueRequired\":true,\"valueName\":\"search_term_string\"}}],\"inLanguage\":\"fr-FR\"},{\"@type\":\"Organization\",\"@id\":\"https:\\\/\\\/ecolepourlavie-tokombere.org\\\/#organization\",\"name\":\"Ecole pour la vie\",\"url\":\"https:\\\/\\\/ecolepourlavie-tokombere.org\\\/\",\"logo\":{\"@type\":\"ImageObject\",\"inLanguage\":\"fr-FR\",\"@id\":\"https:\\\/\\\/ecolepourlavie-tokombere.org\\\/#\\\/schema\\\/logo\\\/image\\\/\",\"url\":\"https:\\\/\\\/ecolepourlavie-tokombere.org\\\/wp-content\\\/uploads\\\/2025\\\/09\\\/cropped-logo-ecole-pour-la-vie-1.png\",\"contentUrl\":\"https:\\\/\\\/ecolepourlavie-tokombere.org\\\/wp-content\\\/uploads\\\/2025\\\/09\\\/cropped-logo-ecole-pour-la-vie-1.png\",\"width\":512,\"height\":512,\"caption\":\"Ecole pour la vie\"},\"image\":{\"@id\":\"https:\\\/\\\/ecolepourlavie-tokombere.org\\\/#\\\/schema\\\/logo\\\/image\\\/\"}}]}<\/script>\n<!-- \/ Yoast SEO plugin. -->","yoast_head_json":{"title":"Partenaires - Ecole pour la vie - Tokomb\u00e9r\u00e9","description":"L'association l'\u00e9cole pour la vie est associ\u00e9 avec de nombreuses associations qui \u0153uvrent pour le projet de promotion humaine de Tokomb\u00e9r\u00e9","robots":{"index":"index","follow":"follow","max-snippet":"max-snippet:-1","max-image-preview":"max-image-preview:large","max-video-preview":"max-video-preview:-1"},"canonical":"https:\/\/ecolepourlavie-tokombere.org\/index.php\/partenaires\/","og_locale":"fr_FR","og_type":"article","og_title":"Partenaires - Ecole pour la vie - Tokomb\u00e9r\u00e9","og_description":"L'association l'\u00e9cole pour la vie est associ\u00e9 avec de nombreuses associations qui \u0153uvrent pour le projet de promotion humaine de Tokomb\u00e9r\u00e9","og_url":"https:\/\/ecolepourlavie-tokombere.org\/index.php\/partenaires\/","og_site_name":"Ecole pour la vie - Tokomb\u00e9r\u00e9","article_modified_time":"2026-01-27T15:43:39+00:00","twitter_card":"summary_large_image","twitter_misc":{"Dur\u00e9e de lecture estim\u00e9e":"2 minutes"},"schema":{"@context":"https:\/\/schema.org","@graph":[{"@type":"WebPage","@id":"https:\/\/ecolepourlavie-tokombere.org\/index.php\/partenaires\/","url":"https:\/\/ecolepourlavie-tokombere.org\/index.php\/partenaires\/","name":"Partenaires - Ecole pour la vie - Tokomb\u00e9r\u00e9","isPartOf":{"@id":"https:\/\/ecolepourlavie-tokombere.org\/#website"},"datePublished":"2025-09-25T10:05:36+00:00","dateModified":"2026-01-27T15:43:39+00:00","description":"L'association l'\u00e9cole pour la vie est associ\u00e9 avec de nombreuses associations qui \u0153uvrent pour le projet de promotion humaine de Tokomb\u00e9r\u00e9","breadcrumb":{"@id":"https:\/\/ecolepourlavie-tokombere.org\/index.php\/partenaires\/#breadcrumb"},"inLanguage":"fr-FR","potentialAction":[{"@type":"ReadAction","target":["https:\/\/ecolepourlavie-tokombere.org\/index.php\/partenaires\/"]}]},{"@type":"BreadcrumbList","@id":"https:\/\/ecolepourlavie-tokombere.org\/index.php\/partenaires\/#breadcrumb","itemListElement":[{"@type":"ListItem","position":1,"name":"Accueil","item":"https:\/\/ecolepourlavie-tokombere.org\/"},{"@type":"ListItem","position":2,"name":"Partenaires"}]},{"@type":"WebSite","@id":"https:\/\/ecolepourlavie-tokombere.org\/#website","url":"https:\/\/ecolepourlavie-tokombere.org\/","name":"Ecole pour la vie - Tokomb\u00e9r\u00e9","description":"","publisher":{"@id":"https:\/\/ecolepourlavie-tokombere.org\/#organization"},"potentialAction":[{"@type":"SearchAction","target":{"@type":"EntryPoint","urlTemplate":"https:\/\/ecolepourlavie-tokombere.org\/?s={search_term_string}"},"query-input":{"@type":"PropertyValueSpecification","valueRequired":true,"valueName":"search_term_string"}}],"inLanguage":"fr-FR"},{"@type":"Organization","@id":"https:\/\/ecolepourlavie-tokombere.org\/#organization","name":"Ecole pour la vie","url":"https:\/\/ecolepourlavie-tokombere.org\/","logo":{"@type":"ImageObject","inLanguage":"fr-FR","@id":"https:\/\/ecolepourlavie-tokombere.org\/#\/schema\/logo\/image\/","url":"https:\/\/ecolepourlavie-tokombere.org\/wp-content\/uploads\/2025\/09\/cropped-logo-ecole-pour-la-vie-1.png","contentUrl":"https:\/\/ecolepourlavie-tokombere.org\/wp-content\/uploads\/2025\/09\/cropped-logo-ecole-pour-la-vie-1.png","width":512,"height":512,"caption":"Ecole pour la vie"},"image":{"@id":"https:\/\/ecolepourlavie-tokombere.org\/#\/schema\/logo\/image\/"}}]}},"_links":{"self":[{"href":"https:\/\/ecolepourlavie-tokombere.org\/index.php\/wp-json\/wp\/v2\/pages\/109","targetHints":{"allow":["GET"]}}],"collection":[{"href":"https:\/\/ecolepourlavie-tokombere.org\/index.php\/wp-json\/wp\/v2\/pages"}],"about":[{"href":"https:\/\/ecolepourlavie-tokombere.org\/index.php\/wp-json\/wp\/v2\/types\/page"}],"author":[{"embeddable":true,"href":"https:\/\/ecolepourlavie-tokombere.org\/index.php\/wp-json\/wp\/v2\/users\/1"}],"replies":[{"embeddable":true,"href":"https:\/\/ecolepourlavie-tokombere.org\/index.php\/wp-json\/wp\/v2\/comments?post=109"}],"version-history":[{"count":8,"href":"https:\/\/ecolepourlavie-tokombere.org\/index.php\/wp-json\/wp\/v2\/pages\/109\/revisions"}],"predecessor-version":[{"id":705,"href":"https:\/\/ecolepourlavie-tokombere.org\/index.php\/wp-json\/wp\/v2\/pages\/109\/revisions\/705"}],"wp:attachment":[{"href":"https:\/\/ecolepourlavie-tokombere.org\/index.php\/wp-json\/wp\/v2\/media?parent=109"}],"curies":[{"name":"wp","href":"https:\/\/api.w.org\/{rel}","templated":true}]}}